{"id":51,"date":"2019-10-25T15:39:58","date_gmt":"2019-10-25T15:39:58","guid":{"rendered":"http:\/\/garbsen-for-future.de\/?page_id=51"},"modified":"2021-09-30T13:51:08","modified_gmt":"2021-09-30T11:51:08","slug":"mitmachen","status":"publish","type":"page","link":"https:\/\/garbsen-for-future.de\/?page_id=51","title":{"rendered":"Mitmachen!"},"content":{"rendered":"\n<p class=\"has-medium-font-size\">Wir wollen in Garbsen bewegen! Daf\u00fcr brauchen wir deine Hilfe. <\/p>\n\n\n\n<p class=\"has-medium-font-size\">Wenn du Lust hast etwas ver\u00e4ndern zu wollen, dann schreibe einfach eine kurze E-Mail mit deinem Namen. Wir laden Dich dann zum n\u00e4chsten Gruppentreffen ein.<\/p>\n\n\n\n<p style=\"font-size:28px\"><strong>Aufgrund der Corona Pandemie konnten wir uns ganz lange nicht Treffen. Wir planen in diesem Jahr &#8211; soweit Corona es zul\u00e4sst &#8211;  noch ein Gruppentreffen. <\/strong><\/p>\n\n\n\n<p style=\"font-size:28px\"><strong>Infos dazu dann hier auf der Seite.<\/strong><\/p>\n","protected":false},"excerpt":{"rendered":"<p>Wir wollen in Garbsen bewegen! Daf\u00fcr brauchen wir deine Hilfe. Wenn du Lust hast etwas ver\u00e4ndern zu wollen, dann schreibe einfach eine kurze E-Mail mit deinem Namen. Wir laden Dich dann zum n\u00e4chsten Gruppentreffen ein. Aufgrund der Corona Pandemie konnten wir uns ganz lange nicht Treffen. Wir planen in diesem Jahr &#8211; soweit Corona es [&hellip;]<\/p>\n","protected":false},"author":1,"featured_media":0,"parent":0,"menu_order":0,"comment_status":"closed","ping_status":"closed","template":"page-templates\/full-width.php","meta":{"kt_blocks_editor_width":"","spay_email":""},"_links":{"self":[{"href":"https:\/\/garbsen-for-future.de\/index.php?rest_route=\/wp\/v2\/pages\/51"}],"collection":[{"href":"https:\/\/garbsen-for-future.de\/index.php?rest_route=\/wp\/v2\/pages"}],"about":[{"href":"https:\/\/garbsen-for-future.de\/index.php?rest_route=\/wp\/v2\/types\/page"}],"author":[{"embeddable":true,"href":"https:\/\/garbsen-for-future.de\/index.php?rest_route=\/wp\/v2\/users\/1"}],"replies":[{"embeddable":true,"href":"https:\/\/garbsen-for-future.de\/index.php?rest_route=%2Fwp%2Fv2%2Fcomments&post=51"}],"version-history":[{"count":6,"href":"https:\/\/garbsen-for-future.de\/index.php?rest_route=\/wp\/v2\/pages\/51\/revisions"}],"predecessor-version":[{"id":98,"href":"https:\/\/garbsen-for-future.de\/index.php?rest_route=\/wp\/v2\/pages\/51\/revisions\/98"}],"wp:attachment":[{"href":"https:\/\/garbsen-for-future.de\/index.php?rest_route=%2Fwp%2Fv2%2Fmedia&parent=51"}],"curies":[{"name":"wp","href":"https:\/\/api.w.org\/{rel}","templated":true}]}}